{"id":11541,"date":"2024-08-30T02:16:29","date_gmt":"2024-08-30T06:16:29","guid":{"rendered":"https:\/\/gretapearls.com\/?post_type=product&#038;p=11541"},"modified":"2026-02-07T13:15:43","modified_gmt":"2026-02-07T18:15:43","slug":"herzformiger-zwischenperlen-perle-aus-925er-sterlingsilber-und-harz","status":"publish","type":"product","link":"https:\/\/gretapearls.com\/de\/shop\/s925-sterling-silver-resin-heart-spacer-bead\/","title":{"rendered":"Herzf\u00f6rmiger Zwischenperlen-Perle aus 925er Sterlingsilber und Harz"},"content":{"rendered":"","protected":false},"excerpt":{"rendered":"<p>Die herzf\u00f6rmige Zwischenperle aus 925er Sterlingsilber und Harz besticht durch ihre zarte Herzform mit gl\u00e4nzendem Harzfinish in leuchtenden Gelb- und zarten Rosat\u00f6nen, erg\u00e4nzt durch einen robusten Silberkern. Sie eignet sich perfekt, um Armb\u00e4ndern, Halsketten oder DIY-Schmuckprojekten mit einem verspielten oder romantischen Thema eine besondere Note zu verleihen.<\/p>","protected":false},"featured_media":11536,"comment_status":"open","ping_status":"closed","template":"","meta":[],"product_brand":[],"product_cat":[121],"product_tag":[],"class_list":{"0":"post-11541","1":"product","2":"type-product","3":"status-publish","4":"has-post-thumbnail","6":"product_cat-wholesale-jewelry-pendant-and-charms","8":"first","9":"instock","10":"taxable","11":"shipping-taxable","12":"purchasable","13":"product-type-variable"},"tiered_pricing_type":"fixed","tiered_pricing_fixed_rules":[],"tiered_pricing_product_settings":{"layout":"default","base_unit_name":{"singular":null,"plural":null},"default_variation":null},"tiered_pricing_minimum_quantity":null,"tiered_pricing_roles_data":[],"tiered_pricing_percentage_rules":[],"tiered_pricing_maximum_quantity":null,"tiered_pricing_quantity_step":null,"_links":{"self":[{"href":"https:\/\/gretapearls.com\/de\/wp-json\/wp\/v2\/product\/11541","targetHints":{"allow":["GET"]}}],"collection":[{"href":"https:\/\/gretapearls.com\/de\/wp-json\/wp\/v2\/product"}],"about":[{"href":"https:\/\/gretapearls.com\/de\/wp-json\/wp\/v2\/types\/product"}],"replies":[{"embeddable":true,"href":"https:\/\/gretapearls.com\/de\/wp-json\/wp\/v2\/comments?post=11541"}],"wp:featuredmedia":[{"embeddable":true,"href":"https:\/\/gretapearls.com\/de\/wp-json\/wp\/v2\/media\/11536"}],"wp:attachment":[{"href":"https:\/\/gretapearls.com\/de\/wp-json\/wp\/v2\/media?parent=11541"}],"wp:term":[{"taxonomy":"product_brand","embeddable":true,"href":"https:\/\/gretapearls.com\/de\/wp-json\/wp\/v2\/product_brand?post=11541"},{"taxonomy":"product_cat","embeddable":true,"href":"https:\/\/gretapearls.com\/de\/wp-json\/wp\/v2\/product_cat?post=11541"},{"taxonomy":"product_tag","embeddable":true,"href":"https:\/\/gretapearls.com\/de\/wp-json\/wp\/v2\/product_tag?post=11541"}],"curies":[{"name":"wp","href":"https:\/\/api.w.org\/{rel}","templated":true}]}}