{"id":11398,"date":"2024-08-30T02:07:44","date_gmt":"2024-08-30T06:07:44","guid":{"rendered":"https:\/\/gretapearls.com\/?post_type=product&#038;p=11398"},"modified":"2026-02-07T13:15:37","modified_gmt":"2026-02-07T18:15:37","slug":"anhanger-aus-925er-sterlingsilber-und-harz-mit-plumeria-blute","status":"publish","type":"product","link":"https:\/\/gretapearls.com\/de\/shop\/s925-sterling-silver-resin-plumeria-flower-pendant\/","title":{"rendered":"Anh\u00e4nger aus 925er Sterlingsilber und Harz mit Plumeria-Bl\u00fcte"},"content":{"rendered":"","protected":false},"excerpt":{"rendered":"<p>Dieser bezaubernde Anh\u00e4nger in Form einer Frangipanibl\u00fcte aus 925er Sterlingsilber besticht durch zarte wei\u00dfe Harzbl\u00fctenbl\u00e4tter und eine sanft gelbe Mitte und verleiht jedem Schmuckst\u00fcck eine frische und elegante Note. Er eignet sich perfekt f\u00fcr Halsketten, Armb\u00e4nder oder Fu\u00dfkettchen und passt ideal zu l\u00e4ssigen, Boho- oder naturnahen Schmuckdesigns.<\/p>","protected":false},"featured_media":11393,"comment_status":"open","ping_status":"closed","template":"","meta":[],"product_brand":[],"product_cat":[121],"product_tag":[],"class_list":{"0":"post-11398","1":"product","2":"type-product","3":"status-publish","4":"has-post-thumbnail","6":"product_cat-wholesale-jewelry-pendant-and-charms","8":"first","9":"instock","10":"taxable","11":"shipping-taxable","12":"purchasable","13":"product-type-variable"},"tiered_pricing_type":"fixed","tiered_pricing_fixed_rules":[],"tiered_pricing_product_settings":{"layout":"default","base_unit_name":{"singular":null,"plural":null},"default_variation":null},"tiered_pricing_minimum_quantity":null,"tiered_pricing_roles_data":[],"tiered_pricing_percentage_rules":[],"tiered_pricing_maximum_quantity":null,"tiered_pricing_quantity_step":null,"_links":{"self":[{"href":"https:\/\/gretapearls.com\/de\/wp-json\/wp\/v2\/product\/11398","targetHints":{"allow":["GET"]}}],"collection":[{"href":"https:\/\/gretapearls.com\/de\/wp-json\/wp\/v2\/product"}],"about":[{"href":"https:\/\/gretapearls.com\/de\/wp-json\/wp\/v2\/types\/product"}],"replies":[{"embeddable":true,"href":"https:\/\/gretapearls.com\/de\/wp-json\/wp\/v2\/comments?post=11398"}],"wp:featuredmedia":[{"embeddable":true,"href":"https:\/\/gretapearls.com\/de\/wp-json\/wp\/v2\/media\/11393"}],"wp:attachment":[{"href":"https:\/\/gretapearls.com\/de\/wp-json\/wp\/v2\/media?parent=11398"}],"wp:term":[{"taxonomy":"product_brand","embeddable":true,"href":"https:\/\/gretapearls.com\/de\/wp-json\/wp\/v2\/product_brand?post=11398"},{"taxonomy":"product_cat","embeddable":true,"href":"https:\/\/gretapearls.com\/de\/wp-json\/wp\/v2\/product_cat?post=11398"},{"taxonomy":"product_tag","embeddable":true,"href":"https:\/\/gretapearls.com\/de\/wp-json\/wp\/v2\/product_tag?post=11398"}],"curies":[{"name":"wp","href":"https:\/\/api.w.org\/{rel}","templated":true}]}}