{"id":11341,"date":"2024-08-30T02:04:33","date_gmt":"2024-08-30T06:04:33","guid":{"rendered":"https:\/\/gretapearls.com\/?post_type=product&#038;p=11341"},"modified":"2026-02-07T13:15:37","modified_gmt":"2026-02-07T18:15:37","slug":"anhanger-aus-925er-sterlingsilber-und-kunstharz-mit-hundepfotenabdruck","status":"publish","type":"product","link":"https:\/\/gretapearls.com\/de\/shop\/s925-sterling-silver-resin-dog-paw-print-charm\/","title":{"rendered":"S925 Sterling Silber Harz-Anh\u00e4nger mit Hundepfotenabdruck"},"content":{"rendered":"","protected":false},"excerpt":{"rendered":"<p>Dieser aus 925er Sterlingsilber gefertigte Anh\u00e4nger mit Hundepfotenabdruck und Harzf\u00fcllung besticht durch sein detailreiches Design und ist in Silber- und Goldt\u00f6nen erh\u00e4ltlich. Er eignet sich perfekt f\u00fcr Armb\u00e4nder und Halsketten mit Tiermotiven oder als liebevolle Erg\u00e4nzung von Schmucksammlungen und verleiht sowohl l\u00e4ssigen als auch sentimentalen Schmuckst\u00fccken eine pers\u00f6nliche Note.<\/p>","protected":false},"featured_media":11336,"comment_status":"open","ping_status":"closed","template":"","meta":[],"product_brand":[],"product_cat":[121],"product_tag":[],"class_list":{"0":"post-11341","1":"product","2":"type-product","3":"status-publish","4":"has-post-thumbnail","6":"product_cat-wholesale-jewelry-pendant-and-charms","8":"first","9":"instock","10":"taxable","11":"shipping-taxable","12":"purchasable","13":"product-type-variable"},"tiered_pricing_type":"fixed","tiered_pricing_fixed_rules":[],"tiered_pricing_product_settings":{"layout":"default","base_unit_name":{"singular":null,"plural":null},"default_variation":null},"tiered_pricing_minimum_quantity":null,"tiered_pricing_roles_data":[],"tiered_pricing_percentage_rules":[],"tiered_pricing_maximum_quantity":null,"tiered_pricing_quantity_step":null,"_links":{"self":[{"href":"https:\/\/gretapearls.com\/de\/wp-json\/wp\/v2\/product\/11341","targetHints":{"allow":["GET"]}}],"collection":[{"href":"https:\/\/gretapearls.com\/de\/wp-json\/wp\/v2\/product"}],"about":[{"href":"https:\/\/gretapearls.com\/de\/wp-json\/wp\/v2\/types\/product"}],"replies":[{"embeddable":true,"href":"https:\/\/gretapearls.com\/de\/wp-json\/wp\/v2\/comments?post=11341"}],"wp:featuredmedia":[{"embeddable":true,"href":"https:\/\/gretapearls.com\/de\/wp-json\/wp\/v2\/media\/11336"}],"wp:attachment":[{"href":"https:\/\/gretapearls.com\/de\/wp-json\/wp\/v2\/media?parent=11341"}],"wp:term":[{"taxonomy":"product_brand","embeddable":true,"href":"https:\/\/gretapearls.com\/de\/wp-json\/wp\/v2\/product_brand?post=11341"},{"taxonomy":"product_cat","embeddable":true,"href":"https:\/\/gretapearls.com\/de\/wp-json\/wp\/v2\/product_cat?post=11341"},{"taxonomy":"product_tag","embeddable":true,"href":"https:\/\/gretapearls.com\/de\/wp-json\/wp\/v2\/product_tag?post=11341"}],"curies":[{"name":"wp","href":"https:\/\/api.w.org\/{rel}","templated":true}]}}