{"id":10698,"date":"2024-08-29T06:12:05","date_gmt":"2024-08-29T10:12:05","guid":{"rendered":"https:\/\/gretapearls.com\/?post_type=product&#038;p=10698"},"modified":"2026-02-07T13:15:18","modified_gmt":"2026-02-07T18:15:18","slug":"flache-ohrhaken-aus-925er-sterlingsilber","status":"publish","type":"product","link":"https:\/\/gretapearls.com\/de\/shop\/s925-sterling-silver-flat-earring-hooks\/","title":{"rendered":"Flache Ohrhaken aus 925er Sterlingsilber"},"content":{"rendered":"<p>Material: S925 sterling silver<\/p>\n\n\n\n<p>Process: electroplating<\/p>\n\n\n\n<p>Size: Width: 9MM*15MM Wire thickness: 0.65MM Weight per pair: 0.28G<\/p>\n\n\n\n<p>Note: Size and weight are measured manually, so there may be errors.<\/p>","protected":false},"excerpt":{"rendered":"<p>Diese flachen Ohrhaken aus hochwertigem 925er Sterlingsilber bestechen durch ihr elegantes, poliertes Design und eine sichere \u00d6se zum einfachen Anbringen von Anh\u00e4ngern. Sie eignen sich ideal f\u00fcr die Gestaltung eleganter Ohrh\u00e4nger und lassen sich sowohl mit Edelsteinen, Perlen als auch mit Charms in modernen wie klassischen Stilen kombinieren.<\/p>","protected":false},"featured_media":10693,"comment_status":"open","ping_status":"closed","template":"","meta":[],"product_brand":[],"product_cat":[111],"product_tag":[],"class_list":{"0":"post-10698","1":"product","2":"type-product","3":"status-publish","4":"has-post-thumbnail","6":"product_cat-wholesale-earring-findings","8":"first","9":"instock","10":"taxable","11":"shipping-taxable","12":"purchasable","13":"product-type-variable"},"tiered_pricing_type":"fixed","tiered_pricing_fixed_rules":[],"tiered_pricing_product_settings":{"layout":"default","base_unit_name":{"singular":null,"plural":null},"default_variation":null},"tiered_pricing_minimum_quantity":null,"tiered_pricing_roles_data":[],"tiered_pricing_percentage_rules":[],"tiered_pricing_maximum_quantity":null,"tiered_pricing_quantity_step":null,"_links":{"self":[{"href":"https:\/\/gretapearls.com\/de\/wp-json\/wp\/v2\/product\/10698","targetHints":{"allow":["GET"]}}],"collection":[{"href":"https:\/\/gretapearls.com\/de\/wp-json\/wp\/v2\/product"}],"about":[{"href":"https:\/\/gretapearls.com\/de\/wp-json\/wp\/v2\/types\/product"}],"replies":[{"embeddable":true,"href":"https:\/\/gretapearls.com\/de\/wp-json\/wp\/v2\/comments?post=10698"}],"wp:featuredmedia":[{"embeddable":true,"href":"https:\/\/gretapearls.com\/de\/wp-json\/wp\/v2\/media\/10693"}],"wp:attachment":[{"href":"https:\/\/gretapearls.com\/de\/wp-json\/wp\/v2\/media?parent=10698"}],"wp:term":[{"taxonomy":"product_brand","embeddable":true,"href":"https:\/\/gretapearls.com\/de\/wp-json\/wp\/v2\/product_brand?post=10698"},{"taxonomy":"product_cat","embeddable":true,"href":"https:\/\/gretapearls.com\/de\/wp-json\/wp\/v2\/product_cat?post=10698"},{"taxonomy":"product_tag","embeddable":true,"href":"https:\/\/gretapearls.com\/de\/wp-json\/wp\/v2\/product_tag?post=10698"}],"curies":[{"name":"wp","href":"https:\/\/api.w.org\/{rel}","templated":true}]}}