{"id":10496,"date":"2024-08-29T06:48:38","date_gmt":"2024-08-29T06:48:38","guid":{"rendered":"https:\/\/gretapearls.com\/?post_type=product&#038;p=10496"},"modified":"2026-04-22T19:47:34","modified_gmt":"2026-04-22T23:47:34","slug":"aufgefadelte-biwa-barockzuchtperlen-fur-diy-schmuck","status":"publish","type":"product","link":"https:\/\/gretapearls.com\/de\/shop\/threaded-stick-biwa-baroque-cultured-pearls-for-diy-jewelry\/","title":{"rendered":"Aufgef\u00e4delte Biwa-Barockzuchtperlen f\u00fcr DIY-Schmuck"},"content":{"rendered":"","protected":false},"excerpt":{"rendered":"<p>Nat\u00fcrliche S\u00fc\u00dfwasser-Barockperlen, Strangl\u00e4nge ca. 39 cm, ca. 14\u201315 Perlen pro Strang. Die Perlen haben einen Durchmesser von 4\u20135 mm und eine L\u00e4nge von 20\u201330 mm, die Lochgr\u00f6\u00dfe betr\u00e4gt 0,7 mm. Erh\u00e4ltlich in drei nat\u00fcrlichen, farbechten Farben. Die Perlen k\u00f6nnen Oberfl\u00e4chenstrukturen wie nat\u00fcrliche Wachstumslinien und kleine Unreinheiten aufweisen.<\/p>","protected":false},"featured_media":10489,"comment_status":"open","ping_status":"closed","template":"","meta":[],"product_brand":[],"product_cat":[124],"product_tag":[91,83,85],"class_list":{"0":"post-10496","1":"product","2":"type-product","3":"status-publish","4":"has-post-thumbnail","6":"product_cat-irregular-pearls","7":"product_tag-full-drilled-pearls","8":"product_tag-large-freshwater-pearls-wholesale","9":"product_tag-bulk-string-pearls","10":"pa_color-champagne-pearls","11":"pa_color-purple-pearls","12":"pa_color-white-pearls","13":"pa_shape-stick-pearls","15":"first","16":"instock","17":"taxable","18":"shipping-taxable","19":"purchasable","20":"product-type-variable"},"tiered_pricing_type":"fixed","tiered_pricing_fixed_rules":[],"tiered_pricing_product_settings":{"layout":"default","base_unit_name":{"singular":null,"plural":null},"default_variation":null},"tiered_pricing_minimum_quantity":null,"tiered_pricing_roles_data":[],"tiered_pricing_percentage_rules":[],"tiered_pricing_maximum_quantity":null,"tiered_pricing_quantity_step":null,"_links":{"self":[{"href":"https:\/\/gretapearls.com\/de\/wp-json\/wp\/v2\/product\/10496","targetHints":{"allow":["GET"]}}],"collection":[{"href":"https:\/\/gretapearls.com\/de\/wp-json\/wp\/v2\/product"}],"about":[{"href":"https:\/\/gretapearls.com\/de\/wp-json\/wp\/v2\/types\/product"}],"replies":[{"embeddable":true,"href":"https:\/\/gretapearls.com\/de\/wp-json\/wp\/v2\/comments?post=10496"}],"wp:featuredmedia":[{"embeddable":true,"href":"https:\/\/gretapearls.com\/de\/wp-json\/wp\/v2\/media\/10489"}],"wp:attachment":[{"href":"https:\/\/gretapearls.com\/de\/wp-json\/wp\/v2\/media?parent=10496"}],"wp:term":[{"taxonomy":"product_brand","embeddable":true,"href":"https:\/\/gretapearls.com\/de\/wp-json\/wp\/v2\/product_brand?post=10496"},{"taxonomy":"product_cat","embeddable":true,"href":"https:\/\/gretapearls.com\/de\/wp-json\/wp\/v2\/product_cat?post=10496"},{"taxonomy":"product_tag","embeddable":true,"href":"https:\/\/gretapearls.com\/de\/wp-json\/wp\/v2\/product_tag?post=10496"}],"curies":[{"name":"wp","href":"https:\/\/api.w.org\/{rel}","templated":true}]}}