{"id":10409,"date":"2024-08-29T06:42:36","date_gmt":"2024-08-29T06:42:36","guid":{"rendered":"https:\/\/gretapearls.com\/?post_type=product&#038;p=10409"},"modified":"2026-02-07T12:02:16","modified_gmt":"2026-02-07T17:02:16","slug":"13-5-14-mm-kernfreie-suswasserperlen-paar","status":"publish","type":"product","link":"https:\/\/gretapearls.com\/de\/shop\/13-5-14mm-nucleus-free-button-freshwater-pearls-pair\/","title":{"rendered":"Paar 13,5\u201314 mm gro\u00dfe, kernfreie S\u00fc\u00dfwasserperlen (Knopfform)"},"content":{"rendered":"","protected":false},"excerpt":{"rendered":"<p>Natural freshwater button pearls, non-nucleated, with a width of 13.5-14mm. The pearls have a half-hole on the back with a hole diameter of 0.9mm, making them suitable for earrings and set jewelry. Some pearls may have subtle growth marks on the back or sides, but they are not very noticeable.<\/p>","protected":false},"featured_media":10404,"comment_status":"open","ping_status":"closed","template":"","meta":[],"product_brand":[],"product_cat":[124],"product_tag":[84,89,87],"class_list":{"0":"post-10409","1":"product","2":"type-product","3":"status-publish","4":"has-post-thumbnail","6":"product_cat-irregular-pearls","7":"product_tag-giant-pearls-whoelsale","8":"product_tag-half-drilled-pearls","9":"product_tag-matching-pearls","10":"pa_color-white-pearls","11":"pa_shape-button-pearls","13":"first","14":"instock","15":"taxable","16":"shipping-taxable","17":"purchasable","18":"product-type-simple"},"tiered_pricing_type":"fixed","tiered_pricing_fixed_rules":[],"tiered_pricing_product_settings":{"layout":"default","base_unit_name":{"singular":null,"plural":null},"default_variation":null},"tiered_pricing_minimum_quantity":null,"tiered_pricing_roles_data":[],"tiered_pricing_percentage_rules":[],"tiered_pricing_maximum_quantity":null,"tiered_pricing_quantity_step":null,"_links":{"self":[{"href":"https:\/\/gretapearls.com\/de\/wp-json\/wp\/v2\/product\/10409","targetHints":{"allow":["GET"]}}],"collection":[{"href":"https:\/\/gretapearls.com\/de\/wp-json\/wp\/v2\/product"}],"about":[{"href":"https:\/\/gretapearls.com\/de\/wp-json\/wp\/v2\/types\/product"}],"replies":[{"embeddable":true,"href":"https:\/\/gretapearls.com\/de\/wp-json\/wp\/v2\/comments?post=10409"}],"wp:featuredmedia":[{"embeddable":true,"href":"https:\/\/gretapearls.com\/de\/wp-json\/wp\/v2\/media\/10404"}],"wp:attachment":[{"href":"https:\/\/gretapearls.com\/de\/wp-json\/wp\/v2\/media?parent=10409"}],"wp:term":[{"taxonomy":"product_brand","embeddable":true,"href":"https:\/\/gretapearls.com\/de\/wp-json\/wp\/v2\/product_brand?post=10409"},{"taxonomy":"product_cat","embeddable":true,"href":"https:\/\/gretapearls.com\/de\/wp-json\/wp\/v2\/product_cat?post=10409"},{"taxonomy":"product_tag","embeddable":true,"href":"https:\/\/gretapearls.com\/de\/wp-json\/wp\/v2\/product_tag?post=10409"}],"curies":[{"name":"wp","href":"https:\/\/api.w.org\/{rel}","templated":true}]}}