{"id":10200,"date":"2024-08-29T06:21:10","date_gmt":"2024-08-29T06:21:10","guid":{"rendered":"https:\/\/gretapearls.com\/?post_type=product&#038;p=10200"},"modified":"2026-02-07T12:00:25","modified_gmt":"2026-02-07T17:00:25","slug":"4-4-5-mm-gefarbte-suswasserperlen-halb-gebohrt","status":"publish","type":"product","link":"https:\/\/gretapearls.com\/de\/shop\/4-4-5mm-dyed-button-freshwater-pearls-half-drilled\/","title":{"rendered":"4-4,5 mm gef\u00e4rbte, halbgebohrte S\u00fc\u00dfwasserperlen (Knopfform)"},"content":{"rendered":"","protected":false},"excerpt":{"rendered":"<p>Freshwater button pearls, priced per pair, with a diameter of 4-4.5mm. Each pearl has a half-drilled hole on the back, with a 0.9mm diameter. These are natural pearls, with vibrant colors achieved through dyeing that will not fade.<\/p>","protected":false},"featured_media":10196,"comment_status":"open","ping_status":"closed","template":"","meta":[],"product_brand":[],"product_cat":[144,124],"product_tag":[89,87,81],"class_list":{"0":"post-10200","1":"product","2":"type-product","3":"status-publish","4":"has-post-thumbnail","6":"product_cat-dyed-pearls","7":"product_cat-irregular-pearls","8":"product_tag-half-drilled-pearls","9":"product_tag-matching-pearls","10":"product_tag-small-freshwater-pearls-wholesale","11":"pa_color-colors-pearls","12":"pa_shape-button-pearls","14":"first","15":"instock","16":"taxable","17":"shipping-taxable","18":"purchasable","19":"product-type-simple"},"tiered_pricing_type":"fixed","tiered_pricing_fixed_rules":[],"tiered_pricing_product_settings":{"layout":"default","base_unit_name":{"singular":null,"plural":null},"default_variation":null},"tiered_pricing_minimum_quantity":null,"tiered_pricing_roles_data":[],"tiered_pricing_percentage_rules":[],"tiered_pricing_maximum_quantity":null,"tiered_pricing_quantity_step":null,"_links":{"self":[{"href":"https:\/\/gretapearls.com\/de\/wp-json\/wp\/v2\/product\/10200","targetHints":{"allow":["GET"]}}],"collection":[{"href":"https:\/\/gretapearls.com\/de\/wp-json\/wp\/v2\/product"}],"about":[{"href":"https:\/\/gretapearls.com\/de\/wp-json\/wp\/v2\/types\/product"}],"replies":[{"embeddable":true,"href":"https:\/\/gretapearls.com\/de\/wp-json\/wp\/v2\/comments?post=10200"}],"wp:featuredmedia":[{"embeddable":true,"href":"https:\/\/gretapearls.com\/de\/wp-json\/wp\/v2\/media\/10196"}],"wp:attachment":[{"href":"https:\/\/gretapearls.com\/de\/wp-json\/wp\/v2\/media?parent=10200"}],"wp:term":[{"taxonomy":"product_brand","embeddable":true,"href":"https:\/\/gretapearls.com\/de\/wp-json\/wp\/v2\/product_brand?post=10200"},{"taxonomy":"product_cat","embeddable":true,"href":"https:\/\/gretapearls.com\/de\/wp-json\/wp\/v2\/product_cat?post=10200"},{"taxonomy":"product_tag","embeddable":true,"href":"https:\/\/gretapearls.com\/de\/wp-json\/wp\/v2\/product_tag?post=10200"}],"curies":[{"name":"wp","href":"https:\/\/api.w.org\/{rel}","templated":true}]}}