{"id":10123,"date":"2024-08-26T03:08:45","date_gmt":"2024-08-26T03:08:45","guid":{"rendered":"https:\/\/gretapearls.com\/?post_type=product&#038;p=10123"},"modified":"2026-02-07T11:59:46","modified_gmt":"2026-02-07T16:59:46","slug":"4-mm-glatte-suswasserperlen-aus-kartoffeln-fur-selbstgemachte-halsketten","status":"publish","type":"product","link":"https:\/\/gretapearls.com\/de\/shop\/4mm-smooth-potato-freshwater-pearls-for-diy-choker\/","title":{"rendered":"4 mm glatte S\u00fc\u00dfwasserperlen im Kartoffelstil f\u00fcr selbstgemachte Choker"},"content":{"rendered":"","protected":false},"excerpt":{"rendered":"<p>Natural freshwater pearls with a short side diameter of approximately 4mm and a long side of about 4.5mm. The strand is around 37cm long, containing about 95 pearls with a 0.7mm hole. The pearls are potato-shaped with an even, smooth shape, and feature a bright white luster.<\/p>","protected":false},"featured_media":10118,"comment_status":"open","ping_status":"closed","template":"","meta":[],"product_brand":[],"product_cat":[54],"product_tag":[90,81,85],"class_list":{"0":"post-10123","1":"product","2":"type-product","3":"status-publish","4":"has-post-thumbnail","6":"product_cat-freshwater-pearls-wholesale","7":"product_tag-side-drilled-pearls","8":"product_tag-small-freshwater-pearls-wholesale","9":"product_tag-bulk-string-pearls","10":"pa_color-white-pearls","11":"pa_shape-potato-pearls","13":"first","14":"instock","15":"taxable","16":"shipping-taxable","17":"purchasable","18":"product-type-simple"},"tiered_pricing_type":"fixed","tiered_pricing_fixed_rules":[],"tiered_pricing_product_settings":{"layout":"default","base_unit_name":{"singular":null,"plural":null},"default_variation":null},"tiered_pricing_minimum_quantity":null,"tiered_pricing_roles_data":[],"tiered_pricing_percentage_rules":[],"tiered_pricing_maximum_quantity":null,"tiered_pricing_quantity_step":null,"_links":{"self":[{"href":"https:\/\/gretapearls.com\/de\/wp-json\/wp\/v2\/product\/10123","targetHints":{"allow":["GET"]}}],"collection":[{"href":"https:\/\/gretapearls.com\/de\/wp-json\/wp\/v2\/product"}],"about":[{"href":"https:\/\/gretapearls.com\/de\/wp-json\/wp\/v2\/types\/product"}],"replies":[{"embeddable":true,"href":"https:\/\/gretapearls.com\/de\/wp-json\/wp\/v2\/comments?post=10123"}],"wp:featuredmedia":[{"embeddable":true,"href":"https:\/\/gretapearls.com\/de\/wp-json\/wp\/v2\/media\/10118"}],"wp:attachment":[{"href":"https:\/\/gretapearls.com\/de\/wp-json\/wp\/v2\/media?parent=10123"}],"wp:term":[{"taxonomy":"product_brand","embeddable":true,"href":"https:\/\/gretapearls.com\/de\/wp-json\/wp\/v2\/product_brand?post=10123"},{"taxonomy":"product_cat","embeddable":true,"href":"https:\/\/gretapearls.com\/de\/wp-json\/wp\/v2\/product_cat?post=10123"},{"taxonomy":"product_tag","embeddable":true,"href":"https:\/\/gretapearls.com\/de\/wp-json\/wp\/v2\/product_tag?post=10123"}],"curies":[{"name":"wp","href":"https:\/\/api.w.org\/{rel}","templated":true}]}}